{"id":4366,"date":"2019-10-07T16:48:35","date_gmt":"2019-10-07T16:48:35","guid":{"rendered":"https:\/\/makanet.com.pl\/?page_id=4366"},"modified":"2019-10-07T16:48:36","modified_gmt":"2019-10-07T16:48:36","slug":"ekonferencja-eset-wdrozenie-urzadzenia-mobilnego-i-jego-zarzadzanie","status":"publish","type":"page","link":"https:\/\/makanet.com.pl\/index.php\/ekonferencja-eset-wdrozenie-urzadzenia-mobilnego-i-jego-zarzadzanie\/","title":{"rendered":"eKonferencja ESET: Wdro\u017cenie urz\u0105dzenia mobilnego i jego zarz\u0105dzanie"},"content":{"rendered":"","protected":false},"excerpt":{"rendered":"","protected":false},"author":2,"featured_media":0,"parent":0,"menu_order":0,"comment_status":"closed","ping_status":"closed","template":"","meta":[],"_links":{"self":[{"href":"https:\/\/makanet.com.pl\/index.php\/wp-json\/wp\/v2\/pages\/4366"}],"collection":[{"href":"https:\/\/makanet.com.pl\/index.php\/wp-json\/wp\/v2\/pages"}],"about":[{"href":"https:\/\/makanet.com.pl\/index.php\/wp-json\/wp\/v2\/types\/page"}],"author":[{"embeddable":true,"href":"https:\/\/makanet.com.pl\/index.php\/wp-json\/wp\/v2\/users\/2"}],"replies":[{"embeddable":true,"href":"https:\/\/makanet.com.pl\/index.php\/wp-json\/wp\/v2\/comments?post=4366"}],"version-history":[{"count":2,"href":"https:\/\/makanet.com.pl\/index.php\/wp-json\/wp\/v2\/pages\/4366\/revisions"}],"predecessor-version":[{"id":4368,"href":"https:\/\/makanet.com.pl\/index.php\/wp-json\/wp\/v2\/pages\/4366\/revisions\/4368"}],"wp:attachment":[{"href":"https:\/\/makanet.com.pl\/index.php\/wp-json\/wp\/v2\/media?parent=4366"}],"curies":[{"name":"wp","href":"https:\/\/api.w.org\/{rel}","templated":true}]}}